{"id":71,"date":"2026-03-06T08:42:48","date_gmt":"2026-03-06T08:42:48","guid":{"rendered":"https:\/\/kw-air.fi\/?page_id=71"},"modified":"2026-03-23T08:55:42","modified_gmt":"2026-03-23T08:55:42","slug":"tiedotteet","status":"publish","type":"page","link":"https:\/\/kw-air.fi\/?page_id=71","title":{"rendered":"Tiedotteet"},"content":{"rendered":"\n<p>6.3.2026<\/p>\n\n\n\n<p>OH-ACS on ollut elokuusta 2024 asti mittavissa huolto- ja korjaust\u00f6iss\u00e4. M\u00e4\u00e4r\u00e4aikaisessa major structural inspection tarkastuksessa havaittiin komposiittivaurioita joiden korjaaminen on ollut pitk\u00e4 prosessi ja maali on tuntunut liikkuvan koko ajan. Samalla OH-ACS sai uudet tuliter\u00e4t polttoainetankit ja avioniikkap\u00e4ivityksi\u00e4 (mm. FLARM ja TAS-j\u00e4rjestelm\u00e4). Nyt tunnelin p\u00e4\u00e4ss\u00e4 on kuitenkin valoa ja n\u00e4ytt\u00e4\u00e4 silt\u00e4 ett\u00e4 ACS p\u00e4\u00e4see taivaalle entist\u00e4 ehompana tulevan kev\u00e4\u00e4n aikana! Tiedotteisiin p\u00e4ivitet\u00e4\u00e4n lis\u00e4infoa heti kun saamme huoltoyhti\u00f6lt\u00e4 tarkempaa infoa.<\/p>\n","protected":false},"excerpt":{"rendered":"<p>6.3.2026 OH-ACS on ollut elokuusta 2024 asti mittavissa huolto- ja korjaust\u00f6iss\u00e4. M\u00e4\u00e4r\u00e4aikaisessa major structural inspection tarkastuksessa havaittiin komposiittivaurioita joiden korjaaminen on ollut pitk\u00e4 prosessi ja maali on tuntunut liikkuvan koko ajan. Samalla OH-ACS sai uudet tuliter\u00e4t polttoainetankit ja avioniikkap\u00e4ivityksi\u00e4 (mm. FLARM ja TAS-j\u00e4rjestelm\u00e4). Nyt tunnelin p\u00e4\u00e4ss\u00e4 on kuitenkin valoa ja n\u00e4ytt\u00e4\u00e4 silt\u00e4 ett\u00e4 ACS p\u00e4\u00e4see [&hellip;]<\/p>\n","protected":false},"author":1,"featured_media":0,"parent":0,"menu_order":0,"comment_status":"closed","ping_status":"closed","template":"","meta":{"footnotes":""},"class_list":["post-71","page","type-page","status-publish","hentry"],"_links":{"self":[{"href":"https:\/\/kw-air.fi\/index.php?rest_route=\/wp\/v2\/pages\/71","targetHints":{"allow":["GET"]}}],"collection":[{"href":"https:\/\/kw-air.fi\/index.php?rest_route=\/wp\/v2\/pages"}],"about":[{"href":"https:\/\/kw-air.fi\/index.php?rest_route=\/wp\/v2\/types\/page"}],"author":[{"embeddable":true,"href":"https:\/\/kw-air.fi\/index.php?rest_route=\/wp\/v2\/users\/1"}],"replies":[{"embeddable":true,"href":"https:\/\/kw-air.fi\/index.php?rest_route=%2Fwp%2Fv2%2Fcomments&post=71"}],"version-history":[{"count":5,"href":"https:\/\/kw-air.fi\/index.php?rest_route=\/wp\/v2\/pages\/71\/revisions"}],"predecessor-version":[{"id":81,"href":"https:\/\/kw-air.fi\/index.php?rest_route=\/wp\/v2\/pages\/71\/revisions\/81"}],"wp:attachment":[{"href":"https:\/\/kw-air.fi\/index.php?rest_route=%2Fwp%2Fv2%2Fmedia&parent=71"}],"curies":[{"name":"wp","href":"https:\/\/api.w.org\/{rel}","templated":true}]}}