{"id":2,"date":"2023-06-02T06:28:07","date_gmt":"2023-06-02T06:28:07","guid":{"rendered":"https:\/\/kw-air.fi\/?page_id=2"},"modified":"2025-02-22T08:18:36","modified_gmt":"2025-02-22T08:18:36","slug":"sample-page","status":"publish","type":"page","link":"https:\/\/kw-air.fi\/?page_id=2","title":{"rendered":"Hinnasto"},"content":{"rendered":"\n<p><\/p>\n\n\n\n<p><strong>DA40-180 vuokrahinnat (2025, muutokset mahdollisia):<\/strong><\/p>\n\n\n\n<ul class=\"wp-block-list\">\n<li>Perushinta\n<ul class=\"wp-block-list\">\n<li>340 euroa\/tunti<\/li>\n<\/ul>\n<\/li>\n\n\n\n<li>Tuntipaketit (etusi 5%)\n<ul class=\"wp-block-list\">\n<li>5 tunnin paketti (1615 eur)<\/li>\n\n\n\n<li>10 tunnin paketti (3230 eur)<\/li>\n<\/ul>\n<\/li>\n<\/ul>\n\n\n\n<p>Vuokrahinnat sis\u00e4lt\u00e4v\u00e4t arvonlis\u00e4veron 25,5%.<\/p>\n\n\n\n<p>Vuokrahinta sis\u00e4lt\u00e4\u00e4 polttoaineen (AVGAS) ja vakuutuksen (vakuutukseen sis\u00e4ltyy omavastuuosuus).<\/p>\n\n\n\n<p><\/p>\n","protected":false},"excerpt":{"rendered":"<p>DA40-180 vuokrahinnat (2025, muutokset mahdollisia): Vuokrahinnat sis\u00e4lt\u00e4v\u00e4t arvonlis\u00e4veron 25,5%. Vuokrahinta sis\u00e4lt\u00e4\u00e4 polttoaineen (AVGAS) ja vakuutuksen (vakuutukseen sis\u00e4ltyy omavastuuosuus).<\/p>\n","protected":false},"author":1,"featured_media":0,"parent":0,"menu_order":0,"comment_status":"closed","ping_status":"closed","template":"","meta":{"footnotes":""},"class_list":["post-2","page","type-page","status-publish","hentry"],"_links":{"self":[{"href":"https:\/\/kw-air.fi\/index.php?rest_route=\/wp\/v2\/pages\/2","targetHints":{"allow":["GET"]}}],"collection":[{"href":"https:\/\/kw-air.fi\/index.php?rest_route=\/wp\/v2\/pages"}],"about":[{"href":"https:\/\/kw-air.fi\/index.php?rest_route=\/wp\/v2\/types\/page"}],"author":[{"embeddable":true,"href":"https:\/\/kw-air.fi\/index.php?rest_route=\/wp\/v2\/users\/1"}],"replies":[{"embeddable":true,"href":"https:\/\/kw-air.fi\/index.php?rest_route=%2Fwp%2Fv2%2Fcomments&post=2"}],"version-history":[{"count":6,"href":"https:\/\/kw-air.fi\/index.php?rest_route=\/wp\/v2\/pages\/2\/revisions"}],"predecessor-version":[{"id":69,"href":"https:\/\/kw-air.fi\/index.php?rest_route=\/wp\/v2\/pages\/2\/revisions\/69"}],"wp:attachment":[{"href":"https:\/\/kw-air.fi\/index.php?rest_route=%2Fwp%2Fv2%2Fmedia&parent=2"}],"curies":[{"name":"wp","href":"https:\/\/api.w.org\/{rel}","templated":true}]}}